{"id":435,"date":"2019-06-03T16:39:23","date_gmt":"2019-06-03T14:39:23","guid":{"rendered":"http:\/\/tsvdiedorf-tennis.de\/?page_id=435"},"modified":"2026-03-24T14:21:10","modified_gmt":"2026-03-24T13:21:10","slug":"impressum-und-datenschutzerklaerung","status":"publish","type":"page","link":"http:\/\/tsvdiedorf-tennis.de\/index.php\/impressum-und-datenschutzerklaerung\/","title":{"rendered":"Impressum und Datenschutzerkl\u00e4rung"},"content":{"rendered":"\n<p class=\"has-text-align-left\"><strong>TSV Diedorf e.V.<\/strong><br>Nebelhornstr. 17<br>86420 Diedorf<br>Tel.: 08238 \u2013 4244\u00a0<br>e-Mail: verein@tsvdiedorf.de<strong><br><\/strong>Verantwortliche Personen:\u00a0Vorstand\u00a0Diana Geittner, Denis Bauer<\/p>\n\n\n\n<p class=\"has-text-align-left\">Amtsgericht Augsburg :&nbsp;<strong>VR-Nr. 310<br><\/strong>Vereinsnummer:&nbsp;<strong>70195<\/strong><\/p>\n\n\n\n<p class=\"has-text-align-left\"><strong><a href=\"http:\/\/tsvdiedorf-tennis.de\/wp-content\/uploads\/2023\/06\/Datenschutzerkla\u0308rung.pdf\" target=\"_blank\" rel=\"noreferrer noopener\">Datenschutzerkl\u00e4rung<\/a><br><\/strong><br>Rechtshinweis\u00a9 Copyright -TSV Diedorf e.V.- 2005<br>Alle Rechte vorbehalten. Insbesondere d\u00fcrfen Nachdruck, Aufnahme in Online-Dienste und Internet und Vervielf\u00e4ltigung auf Datentr\u00e4ger wie CD-ROM, DVD-ROM, etc. nur mit unserer vorherigen schriftlichen Zustimmung erfolgen. Wir haben auf unseren Seiten Links zu anderen Seiten im Internet gelegt. F\u00fcr all diese Links gilt: Wir erkl\u00e4ren ausdr\u00fccklich, dass wir keinerlei Einfluss auf die Gestaltung und die Inhalte der gelinkten Seiten haben. Deshalb distanzieren wir uns hiermit ausdr\u00fccklich von allen Inhalten aller gelinkten Seiten auf dieser Homepage und machen uns diese Inhalte nicht zu Eigen. Diese Erkl\u00e4rung gilt f\u00fcr alle auf unserer Homepage angezeigten Links und f\u00fcr alle Inhalte der Seiten, zu denen wir Banner und Links f\u00fchren.(Rechtssprechung nachzulesen unter:&nbsp;<a href=\"http:\/\/www.online-recht.de\/\">http:\/\/www.online-recht.de<\/a>)<\/p>\n","protected":false},"excerpt":{"rendered":"<p>TSV Diedorf e.V.Nebelhornstr. 1786420 DiedorfTel.: 08238 \u2013 4244\u00a0e-Mail: verein@tsvdiedorf.deVerantwortliche Personen:\u00a0Vorstand\u00a0Diana Geittner, Denis Bauer Amtsgericht Augsburg :&nbsp;VR-Nr. 310Vereinsnummer:&nbsp;70195 Datenschutzerkl\u00e4rungRechtshinweis\u00a9 Copyright -TSV Diedorf e.V.- 2005Alle Rechte vorbehalten.<\/p>\n","protected":false},"author":1,"featured_media":0,"parent":0,"menu_order":0,"comment_status":"closed","ping_status":"closed","template":"","meta":[],"_links":{"self":[{"href":"http:\/\/tsvdiedorf-tennis.de\/index.php\/wp-json\/wp\/v2\/pages\/435"}],"collection":[{"href":"http:\/\/tsvdiedorf-tennis.de\/index.php\/wp-json\/wp\/v2\/pages"}],"about":[{"href":"http:\/\/tsvdiedorf-tennis.de\/index.php\/wp-json\/wp\/v2\/types\/page"}],"author":[{"embeddable":true,"href":"http:\/\/tsvdiedorf-tennis.de\/index.php\/wp-json\/wp\/v2\/users\/1"}],"replies":[{"embeddable":true,"href":"http:\/\/tsvdiedorf-tennis.de\/index.php\/wp-json\/wp\/v2\/comments?post=435"}],"version-history":[{"count":8,"href":"http:\/\/tsvdiedorf-tennis.de\/index.php\/wp-json\/wp\/v2\/pages\/435\/revisions"}],"predecessor-version":[{"id":1353,"href":"http:\/\/tsvdiedorf-tennis.de\/index.php\/wp-json\/wp\/v2\/pages\/435\/revisions\/1353"}],"wp:attachment":[{"href":"http:\/\/tsvdiedorf-tennis.de\/index.php\/wp-json\/wp\/v2\/media?parent=435"}],"curies":[{"name":"wp","href":"https:\/\/api.w.org\/{rel}","templated":true}]}}