{"id":1627,"date":"2026-04-21T09:33:42","date_gmt":"2026-04-21T07:33:42","guid":{"rendered":"http:\/\/tsvdiedorf-tennis.de\/?page_id=1627"},"modified":"2026-04-21T09:33:43","modified_gmt":"2026-04-21T07:33:43","slug":"sandplaetze","status":"publish","type":"page","link":"http:\/\/tsvdiedorf-tennis.de\/index.php\/anlage\/sandplaetze\/","title":{"rendered":"Sandpl\u00e4tze"},"content":{"rendered":"\n<p>Herzst\u00fcck unserer Vereinsanlage sind unsere sechs erstklassig gepflegten Sandpl\u00e4tze. Wir legen gro\u00dfen Wert auf eine optimale Platzbeschaffenheit, damit unsere Mitglieder von Saisonbeginn bis in den Herbst hinein unter besten Bedingungen aufschlagen k\u00f6nnen. Ob packendes Match oder entspanntes Training \u2013 auf unserer gro\u00dfz\u00fcgigen Anlage findet jeder den passenden Rahmen f\u00fcr sein Spiel.<\/p>\n\n\n\n<figure class=\"wp-block-image size-large is-style-default\"><img loading=\"lazy\" width=\"1024\" height=\"768\" src=\"http:\/\/tsvdiedorf-tennis.de\/wp-content\/uploads\/2026\/04\/IMG_20260418_184108-1024x768.jpg\" alt=\"\" class=\"wp-image-1628\" srcset=\"http:\/\/tsvdiedorf-tennis.de\/wp-content\/uploads\/2026\/04\/IMG_20260418_184108-1024x768.jpg 1024w, http:\/\/tsvdiedorf-tennis.de\/wp-content\/uploads\/2026\/04\/IMG_20260418_184108-300x225.jpg 300w, http:\/\/tsvdiedorf-tennis.de\/wp-content\/uploads\/2026\/04\/IMG_20260418_184108-768x576.jpg 768w, http:\/\/tsvdiedorf-tennis.de\/wp-content\/uploads\/2026\/04\/IMG_20260418_184108-1536x1152.jpg 1536w, http:\/\/tsvdiedorf-tennis.de\/wp-content\/uploads\/2026\/04\/IMG_20260418_184108-840x630.jpg 840w, http:\/\/tsvdiedorf-tennis.de\/wp-content\/uploads\/2026\/04\/IMG_20260418_184108-440x330.jpg 440w, http:\/\/tsvdiedorf-tennis.de\/wp-content\/uploads\/2026\/04\/IMG_20260418_184108.jpg 1600w\" sizes=\"(max-width: 1024px) 100vw, 1024px\" \/><\/figure>\n","protected":false},"excerpt":{"rendered":"<p>Herzst\u00fcck unserer Vereinsanlage sind unsere sechs erstklassig gepflegten Sandpl\u00e4tze. Wir legen gro\u00dfen Wert auf eine optimale Platzbeschaffenheit, damit unsere Mitglieder von Saisonbeginn bis in den<\/p>\n","protected":false},"author":8,"featured_media":245,"parent":18,"menu_order":0,"comment_status":"closed","ping_status":"closed","template":"","meta":[],"_links":{"self":[{"href":"http:\/\/tsvdiedorf-tennis.de\/index.php\/wp-json\/wp\/v2\/pages\/1627"}],"collection":[{"href":"http:\/\/tsvdiedorf-tennis.de\/index.php\/wp-json\/wp\/v2\/pages"}],"about":[{"href":"http:\/\/tsvdiedorf-tennis.de\/index.php\/wp-json\/wp\/v2\/types\/page"}],"author":[{"embeddable":true,"href":"http:\/\/tsvdiedorf-tennis.de\/index.php\/wp-json\/wp\/v2\/users\/8"}],"replies":[{"embeddable":true,"href":"http:\/\/tsvdiedorf-tennis.de\/index.php\/wp-json\/wp\/v2\/comments?post=1627"}],"version-history":[{"count":1,"href":"http:\/\/tsvdiedorf-tennis.de\/index.php\/wp-json\/wp\/v2\/pages\/1627\/revisions"}],"predecessor-version":[{"id":1629,"href":"http:\/\/tsvdiedorf-tennis.de\/index.php\/wp-json\/wp\/v2\/pages\/1627\/revisions\/1629"}],"up":[{"embeddable":true,"href":"http:\/\/tsvdiedorf-tennis.de\/index.php\/wp-json\/wp\/v2\/pages\/18"}],"wp:featuredmedia":[{"embeddable":true,"href":"http:\/\/tsvdiedorf-tennis.de\/index.php\/wp-json\/wp\/v2\/media\/245"}],"wp:attachment":[{"href":"http:\/\/tsvdiedorf-tennis.de\/index.php\/wp-json\/wp\/v2\/media?parent=1627"}],"curies":[{"name":"wp","href":"https:\/\/api.w.org\/{rel}","templated":true}]}}