{"id":1589,"date":"2026-04-09T10:05:16","date_gmt":"2026-04-09T08:05:16","guid":{"rendered":"http:\/\/tsvdiedorf-tennis.de\/?page_id=1589"},"modified":"2026-04-09T10:12:36","modified_gmt":"2026-04-09T08:12:36","slug":"mitgliedschaft","status":"publish","type":"page","link":"http:\/\/tsvdiedorf-tennis.de\/index.php\/mitgliedschaft\/","title":{"rendered":"Mitgliedschaft"},"content":{"rendered":"\n<p><strong>Tennis f\u00fcr Jung und Alt!<\/strong><br>Werden Sie Mitglied und spielen Sie Tennis auf unserer gepflegten Anlage.<br>Die Mitgliedsbeitr\u00e4ge in der Sparte Tennis betragen aktuell:<\/p>\n\n\n\n<h4>Beitr\u00e4ge<\/h4>\n\n\n\n<figure class=\"wp-block-table is-style-stripes\"><table><tbody><tr><td><strong>Abteilung Tennis<\/strong><\/td><td><strong>monatlich<\/strong><\/td><td><strong>halbj\u00e4hrlich<\/strong><\/td><td><strong>j\u00e4hrlich<\/strong><\/td><\/tr><tr><td><\/td><td><\/td><td><\/td><td><\/td><\/tr><tr><td>Kinder\/Jugendliche (ab 7 Jahren)<\/td><td>3,50 \u20ac<\/td><td>21,00 \u20ac<\/td><td>42,00 \u20ac<\/td><\/tr><tr><td>Erwachsene (ab 18 Jahre)<\/td><td>7,50 \u20ac<\/td><td>45,00 \u20ac<\/td><td>90,00 \u20ac<\/td><\/tr><tr><td>Erwachsene (Rente oder Pension) *1<\/td><td>7,00 \u20ac<\/td><td>42,00 \u20ac<\/td><td>84,00 \u20ac<\/td><\/tr><tr><td>Ehepaare\/Lebensgemeinschaften *5<\/td><td>12,50 \u20ac<\/td><td>75,00 \u20ac<\/td><td>150,00 \u20ac<\/td><\/tr><tr><td>Familien *2<\/td><td>16,50 \u20ac<\/td><td>99,00 \u20ac<\/td><td>198,00 \u20ac<\/td><\/tr><tr><td>Sch\u00fcler\/Studenten\/Azubis *3<\/td><td>5,00 \u20ac<\/td><td>30,00 \u20ac<\/td><td>60,00 \u20ac<\/td><\/tr><\/tbody><\/table><\/figure>\n\n\n\n<p>Ferner kommt ein <a href=\"https:\/\/tsvdiedorf.de\/?page_id=1012\" target=\"_blank\" rel=\"noreferrer noopener\">Grundbeitrag<\/a> f\u00fcr den Hauptverein, <a href=\"https:\/\/tsvdiedorf.de\/\" target=\"_blank\" rel=\"noreferrer noopener\">TSV Diedorf<\/a>, zu den jeweils aktuell g\u00fcltigen Konditionen hinzu.<\/p>\n\n\n\n<figure class=\"wp-block-table is-style-stripes\"><table><tbody><tr><td><strong>Vereinsbeitr\u00e4ge Mitgliedergruppe<\/strong><\/td><td><strong>monatlich<\/strong><\/td><td><strong>halbj\u00e4hrlich<\/strong><\/td><td><strong>j\u00e4hrlich<\/strong><\/td><\/tr><tr><td><\/td><td><\/td><td><\/td><td><\/td><\/tr><tr><td>Kinder\/Jugendliche (bis einschlie\u00dflich 17 Jahre)<\/td><td>8,00 \u20ac<\/td><td>48,00 \u20ac<\/td><td>96,00 \u20ac<\/td><\/tr><tr><td>Erwachsene (ab 18 Jahre)<\/td><td>12,50 \u20ac<\/td><td>75,00 \u20ac<\/td><td>150,00 \u20ac<\/td><\/tr><tr><td>Erwachsene (Rente oder Pension) *1<\/td><td>8,00 \u20ac<\/td><td>48,00 \u20ac<\/td><td>96,00 \u20ac<\/td><\/tr><tr><td>Senioren (ab 75 Jahren)<\/td><td>5,50 \u20ac<\/td><td>33,00 \u20ac<\/td><td>66,00 \u20ac<\/td><\/tr><tr><td>Familie *2<\/td><td>25,00 \u20ac<\/td><td>150,00 \u20ac<\/td><td>\u20ac 300,00 \u20ac<\/td><\/tr><tr><td>Sch\u00fcler\/Studenten\/Azubis *3<\/td><td>10,00 \u20ac<\/td><td>60,00 \u20ac<\/td><td>120,00 \u20ac<\/td><\/tr><\/tbody><\/table><\/figure>\n\n\n\n<p style=\"font-size:12px\">*1 Vorlage eines Nachweises einmalig erforderlich<br>*2 Familien = 2 Erwachsen + Kind\/Kinder oder 1 Erwachsener + 2 Kinder (oder mehr) Kinder z\u00e4hlen bis einschlie\u00dflich 20 Jahre im gleichen Haushalt lebend<br>*3 j\u00e4hrlicher Nachweis erforderlich, der unaufgefordert vorzulegen ist; Beitrag ist erst ab Vorlage g\u00fcltig; l\u00e4ngstens bis einschlie\u00dflich 26 Jahre<br>*5 g\u00fcltig bei gleicher Meldeadresse<\/p>\n\n\n\n<h4 id=\"mitgliedsantrag-ablauf\">Mitgliedsantrag &amp; Ablauf<\/h4>\n\n\n\n<p>Einfach und unkompliziert, in drei Schritten:<\/p>\n\n\n\n<ol><li><strong>Kontakt aufnehmen<\/strong>: Kurz per E-Mail oder Tel. melden \u2013 gerne mit Infos, ob es um eine Familien- oder Einzelmitgliedschaft handelt.<\/li><li><strong>R\u00fcckmeldung erhalten<\/strong>: Wir kl\u00e4ren Fragen zu Beitr\u00e4gen, Ablauf, Training, etc. und schicken dir alle n\u00f6tigen Unterlagen zu.<\/li><li><strong>Aufnahmeantrag ausf\u00fcllen<\/strong>: Antrag ausf\u00fcllen, unterschreiben und an den Verein zur\u00fccksenden \u2013 digital oder im Original.<br><em>Auf Wunsch ist vorab auch ein Kennenlerntermin oder Schnuppertraining m\u00f6glich \u2013 insbesondere f\u00fcr Kinder und Familien.<\/em><\/li><\/ol>\n\n\n\n<div class=\"wp-block-file\"><a href=\"http:\/\/tsvdiedorf-tennis.de\/wp-content\/uploads\/2026\/03\/Eintrittserklaerung_Formular-2026.pdf\">Mitgliedsantrag<\/a><a href=\"http:\/\/tsvdiedorf-tennis.de\/wp-content\/uploads\/2026\/03\/Eintrittserklaerung_Formular-2026.pdf\" class=\"wp-block-file__button\" download>Herunterladen<\/a><\/div>\n\n\n\n<p><strong>Ansprechpartner:<\/strong><br>Stephan Mattern<br>e-Mail:\u00a0<a href=\"mailto:tennis@tsvdiedorf.de\">tennis@tsvdiedorf.de<\/a><br>Tel.: +49 1512 7576544<\/p>\n\n\n\n<p><\/p>\n","protected":false},"excerpt":{"rendered":"<p>Tennis f\u00fcr Jung und Alt!Werden Sie Mitglied und spielen Sie Tennis auf unserer gepflegten Anlage.Die Mitgliedsbeitr\u00e4ge in der Sparte Tennis betragen aktuell: Beitr\u00e4ge Abteilung Tennis monatlich halbj\u00e4hrlich j\u00e4hrlich Kinder\/Jugendliche (ab 7 Jahren) 3,50 \u20ac 21,00 \u20ac 42,00 \u20ac Erwachsene (ab 18 Jahre) 7,50 \u20ac 45,00<\/p>\n","protected":false},"author":8,"featured_media":0,"parent":0,"menu_order":0,"comment_status":"closed","ping_status":"closed","template":"","meta":[],"_links":{"self":[{"href":"http:\/\/tsvdiedorf-tennis.de\/index.php\/wp-json\/wp\/v2\/pages\/1589"}],"collection":[{"href":"http:\/\/tsvdiedorf-tennis.de\/index.php\/wp-json\/wp\/v2\/pages"}],"about":[{"href":"http:\/\/tsvdiedorf-tennis.de\/index.php\/wp-json\/wp\/v2\/types\/page"}],"author":[{"embeddable":true,"href":"http:\/\/tsvdiedorf-tennis.de\/index.php\/wp-json\/wp\/v2\/users\/8"}],"replies":[{"embeddable":true,"href":"http:\/\/tsvdiedorf-tennis.de\/index.php\/wp-json\/wp\/v2\/comments?post=1589"}],"version-history":[{"count":3,"href":"http:\/\/tsvdiedorf-tennis.de\/index.php\/wp-json\/wp\/v2\/pages\/1589\/revisions"}],"predecessor-version":[{"id":1596,"href":"http:\/\/tsvdiedorf-tennis.de\/index.php\/wp-json\/wp\/v2\/pages\/1589\/revisions\/1596"}],"wp:attachment":[{"href":"http:\/\/tsvdiedorf-tennis.de\/index.php\/wp-json\/wp\/v2\/media?parent=1589"}],"curies":[{"name":"wp","href":"https:\/\/api.w.org\/{rel}","templated":true}]}}