{"id":1481,"date":"2026-04-07T12:26:52","date_gmt":"2026-04-07T10:26:52","guid":{"rendered":"http:\/\/tsvdiedorf-tennis.de\/?page_id=1481"},"modified":"2026-04-07T18:26:18","modified_gmt":"2026-04-07T16:26:18","slug":"clubhaus","status":"publish","type":"page","link":"http:\/\/tsvdiedorf-tennis.de\/index.php\/anlage\/clubhaus\/","title":{"rendered":"Clubhaus"},"content":{"rendered":"\n<figure class=\"wp-block-image size-post-thumbnail\"><img loading=\"lazy\" width=\"840\" height=\"525\" src=\"http:\/\/tsvdiedorf-tennis.de\/wp-content\/uploads\/2026\/04\/IMG_20260324_123640-840x525.jpg\" alt=\"Clubhaus\" class=\"wp-image-1475\" title=\"Clubhaus\" srcset=\"http:\/\/tsvdiedorf-tennis.de\/wp-content\/uploads\/2026\/04\/IMG_20260324_123640-840x525.jpg 840w, http:\/\/tsvdiedorf-tennis.de\/wp-content\/uploads\/2026\/04\/IMG_20260324_123640-200x125.jpg 200w, http:\/\/tsvdiedorf-tennis.de\/wp-content\/uploads\/2026\/04\/IMG_20260324_123640-440x275.jpg 440w\" sizes=\"(max-width: 840px) 100vw, 840px\" \/><figcaption>Clubhaus<\/figcaption><\/figure>\n\n\n\n<p>Unser modern ausgestattetes und k\u00fcrzlich vollst\u00e4ndig renoviertes Clubhaus l\u00e4dt zum Verweilen ein. Es bietet den idealen Rahmen f\u00fcr ein gem\u00fctliches Beisammensein an Spieltagen sowie f\u00fcr gesellige Stunden im Anschluss. Mitglieder des TSV Diedorf k\u00f6nnen das Vereinsheim f\u00fcr private Feiern <a href=\"http:\/\/tsvdiedorf-tennis.de\/index.php\/anlage\/clubhaus\/vereinsheim-buchen\/\">buchen<\/a>!<\/p>\n\n\n\n<figure class=\"wp-block-image size-post-thumbnail is-style-default\"><img loading=\"lazy\" width=\"840\" height=\"525\" src=\"http:\/\/tsvdiedorf-tennis.de\/wp-content\/uploads\/2019\/07\/IMG_5743-840x525.jpg\" alt=\"\" class=\"wp-image-517\" srcset=\"http:\/\/tsvdiedorf-tennis.de\/wp-content\/uploads\/2019\/07\/IMG_5743-840x525.jpg 840w, http:\/\/tsvdiedorf-tennis.de\/wp-content\/uploads\/2019\/07\/IMG_5743-200x125.jpg 200w, http:\/\/tsvdiedorf-tennis.de\/wp-content\/uploads\/2019\/07\/IMG_5743-440x275.jpg 440w\" sizes=\"(max-width: 840px) 100vw, 840px\" \/><figcaption>Terrasse<\/figcaption><\/figure>\n\n\n\n<p>Bei sch\u00f6nem Wetter l\u00e4sst sich das Geschehen auf den Pl\u00e4tzen zudem ganz entspannt von unserer Sonnenterrasse aus verfolgen.<\/p>\n","protected":false},"excerpt":{"rendered":"<p>Unser modern ausgestattetes und k\u00fcrzlich vollst\u00e4ndig renoviertes Clubhaus l\u00e4dt zum Verweilen ein. Es bietet den idealen Rahmen f\u00fcr ein gem\u00fctliches Beisammensein an Spieltagen sowie f\u00fcr<\/p>\n","protected":false},"author":8,"featured_media":0,"parent":18,"menu_order":0,"comment_status":"closed","ping_status":"closed","template":"","meta":[],"_links":{"self":[{"href":"http:\/\/tsvdiedorf-tennis.de\/index.php\/wp-json\/wp\/v2\/pages\/1481"}],"collection":[{"href":"http:\/\/tsvdiedorf-tennis.de\/index.php\/wp-json\/wp\/v2\/pages"}],"about":[{"href":"http:\/\/tsvdiedorf-tennis.de\/index.php\/wp-json\/wp\/v2\/types\/page"}],"author":[{"embeddable":true,"href":"http:\/\/tsvdiedorf-tennis.de\/index.php\/wp-json\/wp\/v2\/users\/8"}],"replies":[{"embeddable":true,"href":"http:\/\/tsvdiedorf-tennis.de\/index.php\/wp-json\/wp\/v2\/comments?post=1481"}],"version-history":[{"count":3,"href":"http:\/\/tsvdiedorf-tennis.de\/index.php\/wp-json\/wp\/v2\/pages\/1481\/revisions"}],"predecessor-version":[{"id":1514,"href":"http:\/\/tsvdiedorf-tennis.de\/index.php\/wp-json\/wp\/v2\/pages\/1481\/revisions\/1514"}],"up":[{"embeddable":true,"href":"http:\/\/tsvdiedorf-tennis.de\/index.php\/wp-json\/wp\/v2\/pages\/18"}],"wp:attachment":[{"href":"http:\/\/tsvdiedorf-tennis.de\/index.php\/wp-json\/wp\/v2\/media?parent=1481"}],"curies":[{"name":"wp","href":"https:\/\/api.w.org\/{rel}","templated":true}]}}