{"id":139,"date":"2019-05-02T14:32:14","date_gmt":"2019-05-02T12:32:14","guid":{"rendered":"http:\/\/tsvdiedorf-tennis.de\/?page_id=139"},"modified":"2026-04-07T12:05:59","modified_gmt":"2026-04-07T10:05:59","slug":"spielangebote","status":"publish","type":"page","link":"http:\/\/tsvdiedorf-tennis.de\/index.php\/spielangebote\/","title":{"rendered":"Spielangebote"},"content":{"rendered":"\n<p>Bei uns gibt es eine Vielzahl an M\u00f6glichkeiten Tennis zu spielen. Sei es entweder \u00fcber Training mit einem unserer erfahrenen Trainern, bei den Fast Learning Kursen, bei freiem Spiel oder unserer legend\u00e4ren Montagsrunde sowie Freitagsrunde.<\/p>\n\n\n\n<p>F\u00fcr Fragen zu den Trainingsstunden wendet Euch gerne an Edgar Schropp, Sportwart Tennis.<\/p>\n\n\n\n<p>F\u00fcr Fragen zu den Spielrunden im Breitensport wendet Euch gerne an Michael Zinke, 2. Abteilungsleiter Tennis.<\/p>\n\n\n\n<p>Mehr Informationen zu den einzelnen M\u00f6glichkeiten findet ihr hier:<\/p>\n\n\n\n<ul><li><strong><a href=\"http:\/\/tsvdiedorf-tennis.de\/index.php\/training\/\">Training<\/a><\/strong><\/li><li><strong><a href=\"http:\/\/tsvdiedorf-tennis.de\/index.php\/fast-learning-kurse\/\">Fast Learning Kurse<\/a><\/strong><\/li><li><strong><a href=\"http:\/\/tsvdiedorf-tennis.de\/index.php\/montagsrunde\/\" data-type=\"URL\">Montagsrunde &#8211; freies Spiel<\/a><\/strong><\/li><li><strong><a href=\"http:\/\/tsvdiedorf-tennis.de\/index.php\/freitagsrunde\/\">Freitagsrunde &#8211; freies Spiel<\/a><\/strong><\/li><\/ul>\n\n\n\n<p><\/p>\n","protected":false},"excerpt":{"rendered":"<p>Bei uns gibt es eine Vielzahl an M\u00f6glichkeiten Tennis zu spielen. Sei es entweder \u00fcber Training mit einem unserer erfahrenen Trainern, bei den Fast Learning<\/p>\n","protected":false},"author":1,"featured_media":0,"parent":0,"menu_order":0,"comment_status":"closed","ping_status":"closed","template":"","meta":[],"_links":{"self":[{"href":"http:\/\/tsvdiedorf-tennis.de\/index.php\/wp-json\/wp\/v2\/pages\/139"}],"collection":[{"href":"http:\/\/tsvdiedorf-tennis.de\/index.php\/wp-json\/wp\/v2\/pages"}],"about":[{"href":"http:\/\/tsvdiedorf-tennis.de\/index.php\/wp-json\/wp\/v2\/types\/page"}],"author":[{"embeddable":true,"href":"http:\/\/tsvdiedorf-tennis.de\/index.php\/wp-json\/wp\/v2\/users\/1"}],"replies":[{"embeddable":true,"href":"http:\/\/tsvdiedorf-tennis.de\/index.php\/wp-json\/wp\/v2\/comments?post=139"}],"version-history":[{"count":16,"href":"http:\/\/tsvdiedorf-tennis.de\/index.php\/wp-json\/wp\/v2\/pages\/139\/revisions"}],"predecessor-version":[{"id":1469,"href":"http:\/\/tsvdiedorf-tennis.de\/index.php\/wp-json\/wp\/v2\/pages\/139\/revisions\/1469"}],"wp:attachment":[{"href":"http:\/\/tsvdiedorf-tennis.de\/index.php\/wp-json\/wp\/v2\/media?parent=139"}],"curies":[{"name":"wp","href":"https:\/\/api.w.org\/{rel}","templated":true}]}}