{"id":127,"date":"2019-05-02T14:06:54","date_gmt":"2019-05-02T12:06:54","guid":{"rendered":"http:\/\/tsvdiedorf-tennis.de\/?page_id=127"},"modified":"2023-04-11T19:56:27","modified_gmt":"2023-04-11T17:56:27","slug":"fast-learning-kurse","status":"publish","type":"page","link":"http:\/\/tsvdiedorf-tennis.de\/index.php\/fast-learning-kurse\/","title":{"rendered":"Fast Learning Kurse"},"content":{"rendered":"\n<p><\/p>\n\n\n\n<figure class=\"wp-block-gallery columns-3 is-cropped\"><ul class=\"blocks-gallery-grid\"><li class=\"blocks-gallery-item\"><figure><img loading=\"lazy\" width=\"768\" height=\"1024\" src=\"http:\/\/tsvdiedorf-tennis.de\/wp-content\/uploads\/2019\/05\/fastLearning_5-768x1024.jpg\" alt=\"\" data-id=\"366\" data-link=\"http:\/\/tsvdiedorf-tennis.de\/fastlearning_5\/\" class=\"wp-image-366\" srcset=\"http:\/\/tsvdiedorf-tennis.de\/wp-content\/uploads\/2019\/05\/fastLearning_5-768x1024.jpg 768w, http:\/\/tsvdiedorf-tennis.de\/wp-content\/uploads\/2019\/05\/fastLearning_5-225x300.jpg 225w, http:\/\/tsvdiedorf-tennis.de\/wp-content\/uploads\/2019\/05\/fastLearning_5.jpg 960w\" sizes=\"(max-width: 768px) 100vw, 768px\" \/><\/figure><\/li><li class=\"blocks-gallery-item\"><figure><img loading=\"lazy\" width=\"1024\" height=\"777\" src=\"http:\/\/tsvdiedorf-tennis.de\/wp-content\/uploads\/2019\/05\/fastLearning_3-1024x777.jpg\" alt=\"\" data-id=\"364\" data-link=\"http:\/\/tsvdiedorf-tennis.de\/fastlearning_3\/\" class=\"wp-image-364\" srcset=\"http:\/\/tsvdiedorf-tennis.de\/wp-content\/uploads\/2019\/05\/fastLearning_3-1024x777.jpg 1024w, http:\/\/tsvdiedorf-tennis.de\/wp-content\/uploads\/2019\/05\/fastLearning_3-300x228.jpg 300w, http:\/\/tsvdiedorf-tennis.de\/wp-content\/uploads\/2019\/05\/fastLearning_3-768x583.jpg 768w, http:\/\/tsvdiedorf-tennis.de\/wp-content\/uploads\/2019\/05\/fastLearning_3.jpg 1200w\" sizes=\"(max-width: 1024px) 100vw, 1024px\" \/><\/figure><\/li><li class=\"blocks-gallery-item\"><figure><img loading=\"lazy\" width=\"1024\" height=\"773\" src=\"http:\/\/tsvdiedorf-tennis.de\/wp-content\/uploads\/2019\/05\/fastLearning_2-1024x773.jpg\" alt=\"\" data-id=\"363\" data-link=\"http:\/\/tsvdiedorf-tennis.de\/fastlearning_2\/\" class=\"wp-image-363\" srcset=\"http:\/\/tsvdiedorf-tennis.de\/wp-content\/uploads\/2019\/05\/fastLearning_2-1024x773.jpg 1024w, http:\/\/tsvdiedorf-tennis.de\/wp-content\/uploads\/2019\/05\/fastLearning_2-300x227.jpg 300w, http:\/\/tsvdiedorf-tennis.de\/wp-content\/uploads\/2019\/05\/fastLearning_2-768x580.jpg 768w, http:\/\/tsvdiedorf-tennis.de\/wp-content\/uploads\/2019\/05\/fastLearning_2.jpg 1200w\" sizes=\"(max-width: 1024px) 100vw, 1024px\" \/><\/figure><\/li><\/ul><\/figure>\n\n\n\n<p><strong>Dein FAST-LEARNING-VORTEIL:<\/strong><\/p>\n\n\n\n<ul><li>Geschulter Trainer<\/li><li>B\u00e4lle und Schl\u00e4ger von uns<\/li><li>Platzmiete im Preis inklusive<\/li><\/ul>\n\n\n<h4><span style=\"color: #008000;\">Fast Learning Kurs 1<\/span><\/h4>\n\n\n<p>Du hattest schon immer mal Lust, Tennis zu spielen und willst es einfach mal ausprobieren? Dann ist dieser Kurs f\u00fcr Einsteiger genau das Richtige f\u00fcr Dich! Unter Anleitung eines geschulten Trainers lernst Du die ersten Schl\u00e4ge kennen und hast in der Gruppe auf der <a href=\"http:\/\/tsvdiedorf-tennis.de\/index.php\/anlage\/\">Anlage<\/a> des TSV Diedorf eine Menge Spa\u00df! Alle weiteren Infos zum Fast-Learning-Konzept findest du im <a href=\"http:\/\/tsvdiedorf-tennis.de\/wp-content\/uploads\/2019\/04\/1.-Fast-Learning_1-Diedorf_Plakat_Termine2019_2-1-724x1024.png\">Flyer<\/a> und unter <a href=\"http:\/\/www.ahne4tennis.com\">www.ahne4tennis.com<\/a>.<\/p>\n\n\n\n<p>Informiere Dich schon jetzt und sichere Dir einen von <strong>10 Teilnehmerpl\u00e4tzen<\/strong> im <strong>Fast-Learning-Kurs 1<\/strong>. In nur 8 Stunden innerhalb von <strong>4 Wochen<\/strong> kennst Du alle wichtigen Schl\u00e4ge und hast bereits <strong>Spa\u00df am Spielen<\/strong>. Vielleicht hast Du Dich auch schon mit anderen Mitgliedern aus Deiner Gruppe zu einem ersten Match verarbredet?<\/p>\n\n\n\n<hr class=\"wp-block-separator\"\/>\n\n\n\n<figure class=\"wp-block-image\"><img loading=\"lazy\" width=\"1024\" height=\"511\" src=\"http:\/\/tsvdiedorf-tennis.de\/wp-content\/uploads\/2019\/05\/fastLearning_Banner_300x150_Ahne4Tennis-1024x511.png\" alt=\"\" class=\"wp-image-370\" srcset=\"http:\/\/tsvdiedorf-tennis.de\/wp-content\/uploads\/2019\/05\/fastLearning_Banner_300x150_Ahne4Tennis-1024x511.png 1024w, http:\/\/tsvdiedorf-tennis.de\/wp-content\/uploads\/2019\/05\/fastLearning_Banner_300x150_Ahne4Tennis-300x150.png 300w, http:\/\/tsvdiedorf-tennis.de\/wp-content\/uploads\/2019\/05\/fastLearning_Banner_300x150_Ahne4Tennis-768x384.png 768w, http:\/\/tsvdiedorf-tennis.de\/wp-content\/uploads\/2019\/05\/fastLearning_Banner_300x150_Ahne4Tennis-1200x600.png 1200w, http:\/\/tsvdiedorf-tennis.de\/wp-content\/uploads\/2019\/05\/fastLearning_Banner_300x150_Ahne4Tennis.png 1592w\" sizes=\"(max-width: 1024px) 100vw, 1024px\" \/><\/figure>\n\n\n\n<hr class=\"wp-block-separator\"\/>\n\n\n\n<p class=\"has-text-align-center\"><em>Der <\/em><a href=\"http:\/\/tsvdiedorf-tennis.de\/\"><em>TSV Diedorf<\/em><\/a><em> und <\/em><a href=\"https:\/\/www.ahne4tennis.com\/\"><em>Martin Ahne<\/em><\/a><em> freuen sich auf Dich!<\/em><\/p>\n","protected":false},"excerpt":{"rendered":"<p>Dein FAST-LEARNING-VORTEIL: Geschulter Trainer B\u00e4lle und Schl\u00e4ger von uns Platzmiete im Preis inklusive Fast Learning Kurs 1 Du hattest schon immer mal Lust, Tennis zu<\/p>\n","protected":false},"author":1,"featured_media":0,"parent":0,"menu_order":0,"comment_status":"closed","ping_status":"closed","template":"","meta":[],"_links":{"self":[{"href":"http:\/\/tsvdiedorf-tennis.de\/index.php\/wp-json\/wp\/v2\/pages\/127"}],"collection":[{"href":"http:\/\/tsvdiedorf-tennis.de\/index.php\/wp-json\/wp\/v2\/pages"}],"about":[{"href":"http:\/\/tsvdiedorf-tennis.de\/index.php\/wp-json\/wp\/v2\/types\/page"}],"author":[{"embeddable":true,"href":"http:\/\/tsvdiedorf-tennis.de\/index.php\/wp-json\/wp\/v2\/users\/1"}],"replies":[{"embeddable":true,"href":"http:\/\/tsvdiedorf-tennis.de\/index.php\/wp-json\/wp\/v2\/comments?post=127"}],"version-history":[{"count":27,"href":"http:\/\/tsvdiedorf-tennis.de\/index.php\/wp-json\/wp\/v2\/pages\/127\/revisions"}],"predecessor-version":[{"id":1060,"href":"http:\/\/tsvdiedorf-tennis.de\/index.php\/wp-json\/wp\/v2\/pages\/127\/revisions\/1060"}],"wp:attachment":[{"href":"http:\/\/tsvdiedorf-tennis.de\/index.php\/wp-json\/wp\/v2\/media?parent=127"}],"curies":[{"name":"wp","href":"https:\/\/api.w.org\/{rel}","templated":true}]}}