{"id":1109,"date":"2023-06-23T16:02:22","date_gmt":"2023-06-23T14:02:22","guid":{"rendered":"http:\/\/tsvdiedorf-tennis.de\/?page_id=1109"},"modified":"2026-04-07T12:06:32","modified_gmt":"2026-04-07T10:06:32","slug":"freitagsrunde","status":"publish","type":"page","link":"http:\/\/tsvdiedorf-tennis.de\/index.php\/freitagsrunde\/","title":{"rendered":"Freitagsrunde"},"content":{"rendered":"\n<div class=\"wp-block-media-text alignwide has-media-on-the-right is-stacked-on-mobile\" style=\"grid-template-columns:auto 36%\"><figure class=\"wp-block-media-text__media\"><img loading=\"lazy\" width=\"1024\" height=\"683\" src=\"http:\/\/tsvdiedorf-tennis.de\/wp-content\/uploads\/2019\/05\/tennis-3554019_1920-1024x683.jpg\" alt=\"\" class=\"wp-image-395 size-full\" srcset=\"http:\/\/tsvdiedorf-tennis.de\/wp-content\/uploads\/2019\/05\/tennis-3554019_1920-1024x683.jpg 1024w, http:\/\/tsvdiedorf-tennis.de\/wp-content\/uploads\/2019\/05\/tennis-3554019_1920-300x200.jpg 300w, http:\/\/tsvdiedorf-tennis.de\/wp-content\/uploads\/2019\/05\/tennis-3554019_1920-768x512.jpg 768w, http:\/\/tsvdiedorf-tennis.de\/wp-content\/uploads\/2019\/05\/tennis-3554019_1920.jpg 1920w\" sizes=\"(max-width: 1024px) 100vw, 1024px\" \/><\/figure><div class=\"wp-block-media-text__content\">\n<p>Die Freitagsrunde ist eine selbst organisierte Gruppe, die sich jeden <strong>Freitag Abend von 18:00 &#8211; 20:00 Uhr<\/strong> in unverbindlicher Atmosph\u00e4re trifft. Dabei stehen das gemeinsame Spielen und der Spielspa\u00df an erster Stelle.<\/p>\n\n\n\n<p>Du hast bereits Basics durch Fast Learning Kurse erworben und m\u00f6chtest deine spielerischen F\u00e4higkeiten verbessern und neue Mitspieler*Innen kennenlernen? Dann ist die Freitagsrunde eine gute M\u00f6glichkeit um Anschluss zu finden.<\/p>\n<\/div><\/div>\n\n\n\n<p><strong>Ansprechpartner:<\/strong><br>Michael Zinke<br>Tel.: 01515 2210399<\/p>\n","protected":false},"excerpt":{"rendered":"<p>Die Freitagsrunde ist eine selbst organisierte Gruppe, die sich jeden Freitag Abend von 18:00 &#8211; 20:00 Uhr in unverbindlicher Atmosph\u00e4re trifft. Dabei stehen das gemeinsame<\/p>\n","protected":false},"author":7,"featured_media":0,"parent":0,"menu_order":0,"comment_status":"closed","ping_status":"closed","template":"","meta":[],"_links":{"self":[{"href":"http:\/\/tsvdiedorf-tennis.de\/index.php\/wp-json\/wp\/v2\/pages\/1109"}],"collection":[{"href":"http:\/\/tsvdiedorf-tennis.de\/index.php\/wp-json\/wp\/v2\/pages"}],"about":[{"href":"http:\/\/tsvdiedorf-tennis.de\/index.php\/wp-json\/wp\/v2\/types\/page"}],"author":[{"embeddable":true,"href":"http:\/\/tsvdiedorf-tennis.de\/index.php\/wp-json\/wp\/v2\/users\/7"}],"replies":[{"embeddable":true,"href":"http:\/\/tsvdiedorf-tennis.de\/index.php\/wp-json\/wp\/v2\/comments?post=1109"}],"version-history":[{"count":3,"href":"http:\/\/tsvdiedorf-tennis.de\/index.php\/wp-json\/wp\/v2\/pages\/1109\/revisions"}],"predecessor-version":[{"id":1137,"href":"http:\/\/tsvdiedorf-tennis.de\/index.php\/wp-json\/wp\/v2\/pages\/1109\/revisions\/1137"}],"wp:attachment":[{"href":"http:\/\/tsvdiedorf-tennis.de\/index.php\/wp-json\/wp\/v2\/media?parent=1109"}],"curies":[{"name":"wp","href":"https:\/\/api.w.org\/{rel}","templated":true}]}}